{"id":136,"date":"2023-09-22T12:56:04","date_gmt":"2023-09-22T12:56:04","guid":{"rendered":"https:\/\/digitalprod.eu\/tma23\/fr\/?page_id=136"},"modified":"2023-11-15T18:07:51","modified_gmt":"2023-11-15T18:07:51","slug":"droit-du-travail-et-de-la-securite-sociale","status":"publish","type":"page","link":"https:\/\/tmalegal.pt\/fr\/domaines-dactivite\/droit-du-travail-et-de-la-securite-sociale\/","title":{"rendered":"Droit du Travail et de la S\u00e9curit\u00e9 Sociale"},"content":{"rendered":"","protected":false},"excerpt":{"rendered":"","protected":false},"author":1,"featured_media":0,"parent":8,"menu_order":0,"comment_status":"closed","ping_status":"closed","template":"tmp-areas.php","meta":{"footnotes":""},"yoast_head":"<!-- This site is optimized with the Yoast SEO plugin v22.6 - https:\/\/yoast.com\/wordpress\/plugins\/seo\/ -->\n<title>Droit du Travail et de la S\u00e9curit\u00e9 Sociale - TMA | Soci\u00e9t\u00e9 d&#039;avocats<\/title>\n<meta name=\"robots\" content=\"index, follow, max-snippet:-1, max-image-preview:large, max-video-preview:-1\" \/>\n<link rel=\"canonical\" href=\"https:\/\/tmalegal.pt\/fr\/domaines-dactivite\/droit-du-travail-et-de-la-securite-sociale\/\" \/>\n<meta property=\"og:locale\" content=\"pt_PT\" \/>\n<meta property=\"og:type\" content=\"article\" \/>\n<meta property=\"og:title\" content=\"Droit du Travail et de la S\u00e9curit\u00e9 Sociale - TMA | Soci\u00e9t\u00e9 d&#039;avocats\" \/>\n<meta property=\"og:url\" content=\"https:\/\/tmalegal.pt\/fr\/domaines-dactivite\/droit-du-travail-et-de-la-securite-sociale\/\" \/>\n<meta property=\"og:site_name\" content=\"TMA | Soci\u00e9t\u00e9 d&#039;avocats\" \/>\n<meta property=\"article:modified_time\" content=\"2023-11-15T18:07:51+00:00\" \/>\n<meta name=\"twitter:card\" content=\"summary_large_image\" \/>\n<script type=\"application\/ld+json\" class=\"yoast-schema-graph\">{\"@context\":\"https:\/\/schema.org\",\"@graph\":[{\"@type\":\"WebPage\",\"@id\":\"https:\/\/tmalegal.pt\/fr\/domaines-dactivite\/droit-du-travail-et-de-la-securite-sociale\/\",\"url\":\"https:\/\/tmalegal.pt\/fr\/domaines-dactivite\/droit-du-travail-et-de-la-securite-sociale\/\",\"name\":\"Droit du Travail et de la S\u00e9curit\u00e9 Sociale - TMA | Soci\u00e9t\u00e9 d'avocats\",\"isPartOf\":{\"@id\":\"https:\/\/tmalegal.pt\/fr\/#website\"},\"datePublished\":\"2023-09-22T12:56:04+00:00\",\"dateModified\":\"2023-11-15T18:07:51+00:00\",\"breadcrumb\":{\"@id\":\"https:\/\/tmalegal.pt\/fr\/domaines-dactivite\/droit-du-travail-et-de-la-securite-sociale\/#breadcrumb\"},\"inLanguage\":\"pt-PT\",\"potentialAction\":[{\"@type\":\"ReadAction\",\"target\":[\"https:\/\/tmalegal.pt\/fr\/domaines-dactivite\/droit-du-travail-et-de-la-securite-sociale\/\"]}]},{\"@type\":\"BreadcrumbList\",\"@id\":\"https:\/\/tmalegal.pt\/fr\/domaines-dactivite\/droit-du-travail-et-de-la-securite-sociale\/#breadcrumb\",\"itemListElement\":[{\"@type\":\"ListItem\",\"position\":1,\"name\":\"In\u00edcio\",\"item\":\"https:\/\/tmalegal.pt\/fr\/\"},{\"@type\":\"ListItem\",\"position\":2,\"name\":\"Domaines d&#8217;activit\u00e9\",\"item\":\"https:\/\/tmalegal.pt\/fr\/domaines-dactivite\/\"},{\"@type\":\"ListItem\",\"position\":3,\"name\":\"Droit du Travail et de la S\u00e9curit\u00e9 Sociale\"}]},{\"@type\":\"WebSite\",\"@id\":\"https:\/\/tmalegal.pt\/fr\/#website\",\"url\":\"https:\/\/tmalegal.pt\/fr\/\",\"name\":\"TMA | Soci\u00e9t\u00e9 d'avocats\",\"description\":\"\",\"potentialAction\":[{\"@type\":\"SearchAction\",\"target\":{\"@type\":\"EntryPoint\",\"urlTemplate\":\"https:\/\/tmalegal.pt\/fr\/?s={search_term_string}\"},\"query-input\":\"required name=search_term_string\"}],\"inLanguage\":\"pt-PT\"}]}<\/script>\n<!-- \/ Yoast SEO plugin. -->","yoast_head_json":{"title":"Droit du Travail et de la S\u00e9curit\u00e9 Sociale - TMA | Soci\u00e9t\u00e9 d'avocats","robots":{"index":"index","follow":"follow","max-snippet":"max-snippet:-1","max-image-preview":"max-image-preview:large","max-video-preview":"max-video-preview:-1"},"canonical":"https:\/\/tmalegal.pt\/fr\/domaines-dactivite\/droit-du-travail-et-de-la-securite-sociale\/","og_locale":"pt_PT","og_type":"article","og_title":"Droit du Travail et de la S\u00e9curit\u00e9 Sociale - TMA | Soci\u00e9t\u00e9 d'avocats","og_url":"https:\/\/tmalegal.pt\/fr\/domaines-dactivite\/droit-du-travail-et-de-la-securite-sociale\/","og_site_name":"TMA | Soci\u00e9t\u00e9 d'avocats","article_modified_time":"2023-11-15T18:07:51+00:00","twitter_card":"summary_large_image","schema":{"@context":"https:\/\/schema.org","@graph":[{"@type":"WebPage","@id":"https:\/\/tmalegal.pt\/fr\/domaines-dactivite\/droit-du-travail-et-de-la-securite-sociale\/","url":"https:\/\/tmalegal.pt\/fr\/domaines-dactivite\/droit-du-travail-et-de-la-securite-sociale\/","name":"Droit du Travail et de la S\u00e9curit\u00e9 Sociale - TMA | Soci\u00e9t\u00e9 d'avocats","isPartOf":{"@id":"https:\/\/tmalegal.pt\/fr\/#website"},"datePublished":"2023-09-22T12:56:04+00:00","dateModified":"2023-11-15T18:07:51+00:00","breadcrumb":{"@id":"https:\/\/tmalegal.pt\/fr\/domaines-dactivite\/droit-du-travail-et-de-la-securite-sociale\/#breadcrumb"},"inLanguage":"pt-PT","potentialAction":[{"@type":"ReadAction","target":["https:\/\/tmalegal.pt\/fr\/domaines-dactivite\/droit-du-travail-et-de-la-securite-sociale\/"]}]},{"@type":"BreadcrumbList","@id":"https:\/\/tmalegal.pt\/fr\/domaines-dactivite\/droit-du-travail-et-de-la-securite-sociale\/#breadcrumb","itemListElement":[{"@type":"ListItem","position":1,"name":"In\u00edcio","item":"https:\/\/tmalegal.pt\/fr\/"},{"@type":"ListItem","position":2,"name":"Domaines d&#8217;activit\u00e9","item":"https:\/\/tmalegal.pt\/fr\/domaines-dactivite\/"},{"@type":"ListItem","position":3,"name":"Droit du Travail et de la S\u00e9curit\u00e9 Sociale"}]},{"@type":"WebSite","@id":"https:\/\/tmalegal.pt\/fr\/#website","url":"https:\/\/tmalegal.pt\/fr\/","name":"TMA | Soci\u00e9t\u00e9 d'avocats","description":"","potentialAction":[{"@type":"SearchAction","target":{"@type":"EntryPoint","urlTemplate":"https:\/\/tmalegal.pt\/fr\/?s={search_term_string}"},"query-input":"required name=search_term_string"}],"inLanguage":"pt-PT"}]}},"_links":{"self":[{"href":"https:\/\/tmalegal.pt\/fr\/wp-json\/wp\/v2\/pages\/136"}],"collection":[{"href":"https:\/\/tmalegal.pt\/fr\/wp-json\/wp\/v2\/pages"}],"about":[{"href":"https:\/\/tmalegal.pt\/fr\/wp-json\/wp\/v2\/types\/page"}],"author":[{"embeddable":true,"href":"https:\/\/tmalegal.pt\/fr\/wp-json\/wp\/v2\/users\/1"}],"replies":[{"embeddable":true,"href":"https:\/\/tmalegal.pt\/fr\/wp-json\/wp\/v2\/comments?post=136"}],"version-history":[{"count":7,"href":"https:\/\/tmalegal.pt\/fr\/wp-json\/wp\/v2\/pages\/136\/revisions"}],"predecessor-version":[{"id":274,"href":"https:\/\/tmalegal.pt\/fr\/wp-json\/wp\/v2\/pages\/136\/revisions\/274"}],"up":[{"embeddable":true,"href":"https:\/\/tmalegal.pt\/fr\/wp-json\/wp\/v2\/pages\/8"}],"wp:attachment":[{"href":"https:\/\/tmalegal.pt\/fr\/wp-json\/wp\/v2\/media?parent=136"}],"curies":[{"name":"wp","href":"https:\/\/api.w.org\/{rel}","templated":true}]}}